{"id":3,"date":"2023-12-07T10:25:14","date_gmt":"2023-12-07T10:25:14","guid":{"rendered":"https:\/\/marketingtherapydev.eu\/aaaprototipo\/?page_id=3"},"modified":"2026-02-09T14:50:49","modified_gmt":"2026-02-09T13:50:49","slug":"%d0%bf%d0%be%d0%bb%d0%b8%d1%82%d0%b8%d0%ba%d0%b0-%d0%ba%d0%be%d0%bd%d1%84%d0%b8%d0%b4%d0%b5%d0%bd%d1%86%d0%b8%d0%b0%d0%bb%d1%8c%d0%bd%d0%be%d1%81%d1%82%d0%b8","status":"publish","type":"page","link":"https:\/\/www.irinagaraeva.it\/ru\/privacy-policy\/","title":{"rendered":"\u041f\u043e\u043b\u0438\u0442\u0438\u043a\u0430 \u043a\u043e\u043d\u0444\u0438\u0434\u0435\u043d\u0446\u0438\u0430\u043b\u044c\u043d\u043e\u0441\u0442\u0438"},"content":{"rendered":"<p>[et_pb_section fb_built=&#8221;1&#8243; admin_label=&#8221;section&#8221; _builder_version=&#8221;4.16&#8243; global_colors_info=&#8221;{}&#8221; da_is_popup=&#8221;off&#8221; da_exit_intent=&#8221;off&#8221; da_has_close=&#8221;on&#8221; da_alt_close=&#8221;off&#8221; da_dark_close=&#8221;off&#8221; da_not_modal=&#8221;on&#8221; da_is_singular=&#8221;off&#8221; da_with_loader=&#8221;off&#8221; da_has_shadow=&#8221;on&#8221; da_disable_devices=&#8221;off|off|off&#8221;][et_pb_row admin_label=&#8221;row&#8221; _builder_version=&#8221;4.16&#8243; background_size=&#8221;initial&#8221; background_position=&#8221;top_left&#8221; background_repeat=&#8221;repeat&#8221; global_colors_info=&#8221;{}&#8221;][et_pb_column type=&#8221;4_4&#8243; _builder_version=&#8221;4.16&#8243; custom_padding=&#8221;|||&#8221; global_colors_info=&#8221;{}&#8221; custom_padding__hover=&#8221;|||&#8221;][et_pb_text _builder_version=&#8221;4.27.5&#8243; _module_preset=&#8221;default&#8221; hover_enabled=&#8221;0&#8243; sticky_enabled=&#8221;0&#8243;]<\/p>\n<p data-start=\"134\" data-end=\"293\"><strong data-start=\"134\" data-end=\"152\">PRIVACY POLICY<\/strong><\/p>\n<p data-start=\"134\" data-end=\"293\"><br data-start=\"152\" data-end=\"155\" \/>Informativa ai sensi dell\u2019art. 13 Reg. UE 2016\/679 \u2013 GDPR<br data-start=\"212\" data-end=\"215\" \/>Informativa per il trattamento di dati personali raccolti presso l\u2019interessato<\/p>\n<p data-start=\"295\" data-end=\"634\">Nel rispetto di quanto previsto dal Regolamento UE 2016\/679 (Regolamento Europeo per la protezione dei dati personali \u2013 di seguito \u201cGDPR\u201d), Le forniamo le dovute informazioni in ordine al trattamento dei dati personali forniti durante la navigazione sul sito web e\/o attraverso i contatti messi a disposizione dal Titolare del trattamento.<\/p>\n<p data-start=\"636\" data-end=\"844\">La presente informativa non \u00e8 da considerarsi valida per altri siti web eventualmente consultabili tramite link presenti sul sito del Titolare, che non \u00e8 in alcun modo responsabile dei siti internet di terzi.<\/p>\n<p data-start=\"846\" data-end=\"920\">La presente informativa \u00e8 resa ai sensi dell\u2019art. 13 del Reg. UE 2016\/679.<\/p>\n<p data-start=\"922\" data-end=\"953\"><strong data-start=\"922\" data-end=\"953\">1. SOGGETTI DEL TRATTAMENTO<\/strong><\/p>\n<p data-start=\"955\" data-end=\"1033\">Titolare del trattamento, ai sensi degli artt. 4 e 24 del Reg. UE 2016\/679, \u00e8:<\/p>\n<p data-start=\"1035\" data-end=\"1106\">Irina Garaeva<br data-start=\"1048\" data-end=\"1051\" \/>Borgo Pietro Wuhrer 119<br data-start=\"1074\" data-end=\"1077\" \/>25123 Brescia (BS) \u2013 Italia<\/p>\n<p data-start=\"1108\" data-end=\"1162\">Telefono: 375 781 9583<br data-start=\"1130\" data-end=\"1133\" \/>Email: <a data-start=\"1140\" data-end=\"1160\" class=\"decorated-link cursor-pointer\" rel=\"noopener\">info@irinagaraeva.it<span aria-hidden=\"true\" class=\"ms-0.5 inline-block align-middle leading-none\"><svg xmlns=\"http:\/\/www.w3.org\/2000\/svg\" width=\"20\" height=\"20\" aria-hidden=\"true\" data-rtl-flip=\"\" class=\"block h-[0.75em] w-[0.75em] stroke-current stroke-[0.75]\"><use href=\"\/cdn\/assets\/sprites-core-j9921kii.svg#304883\" fill=\"currentColor\"><\/use><\/svg><\/span><\/a><\/p>\n<p data-start=\"1164\" data-end=\"1197\"><strong data-start=\"1164\" data-end=\"1197\">2. TIPOLOGIA DI DATI TRATTATI<\/strong><\/p>\n<p data-start=\"1199\" data-end=\"1638\">Dato personale: qualsiasi informazione riguardante una persona fisica identificata o identificabile (\u201cinteressato\u201d), con particolare riferimento a un identificativo come il nome, un numero di identificazione, dati di contatto, dati relativi all\u2019ubicazione, un identificativo online o a uno o pi\u00f9 elementi caratteristici della sua identit\u00e0 fisica, fisiologica, genetica, psichica, economica, culturale o sociale (art. 4, par. 1, n. 1 GDPR).<\/p>\n<p data-start=\"1640\" data-end=\"2190\">Per trattamento di dati personali si intende qualunque operazione o insieme di operazioni, compiute con o senza l\u2019ausilio di processi automatizzati e applicate a dati personali o insiemi di dati personali, come la raccolta, la registrazione, l\u2019organizzazione, la strutturazione, la conservazione, l\u2019adattamento o la modifica, l\u2019estrazione, la consultazione, l\u2019uso, la comunicazione mediante trasmissione, diffusione o qualsiasi altra forma di messa a disposizione, il raffronto o l\u2019interconnessione, la limitazione, la cancellazione o la distruzione.<\/p>\n<p data-start=\"2192\" data-end=\"2221\"><strong data-start=\"2192\" data-end=\"2221\">3. INFORMATIVE SPECIFICHE<\/strong><\/p>\n<p data-start=\"2223\" data-end=\"2439\">Informative specifiche potranno essere rese nelle singole sezioni del sito o attraverso i canali di contatto del Titolare, in relazione a particolari servizi o trattamenti dei dati personali forniti dall\u2019interessato.<\/p>\n<p data-start=\"2441\" data-end=\"2489\"><strong data-start=\"2441\" data-end=\"2489\">4. FINALIT\u00c0 E BASE GIURIDICA DEL TRATTAMENTO<\/strong><\/p>\n<p data-start=\"2491\" data-end=\"2833\">I dati personali forniti saranno trattati nel rispetto delle condizioni di liceit\u00e0 di cui all\u2019art. 6 del Reg. UE 2016\/679 per le seguenti finalit\u00e0:<br data-start=\"2638\" data-end=\"2641\" \/>\u2013 navigazione sul sito internet del Titolare;<br data-start=\"2686\" data-end=\"2689\" \/>\u2013 gestione delle richieste di informazioni inviate tramite sito, email o telefono;<br data-start=\"2771\" data-end=\"2774\" \/>\u2013 gestione di appuntamenti, consulenze e servizi richiesti.<\/p>\n<p data-start=\"2835\" data-end=\"2938\">La base giuridica del trattamento \u00e8 l\u2019art. 6, par. 1, lett. f) GDPR (legittimo interesse del Titolare).<\/p>\n<p data-start=\"2940\" data-end=\"3147\">Previo consenso dell\u2019interessato, i dati potranno essere trattati per l\u2019invio di newsletter, comunicazioni informative, promozionali, eventi e iniziative. La base giuridica \u00e8 l\u2019art. 6, par. 1, lett. a) GDPR.<\/p>\n<p data-start=\"3149\" data-end=\"3176\"><strong data-start=\"3149\" data-end=\"3176\">5. DESTINATARI DEI DATI<\/strong><\/p>\n<p data-start=\"3178\" data-end=\"3377\">I dati personali potranno essere comunicati a soggetti che tratteranno i dati in qualit\u00e0 di Responsabili del trattamento ai sensi dell\u2019art. 28 GDPR o a persone autorizzate ai sensi dell\u2019art. 29 GDPR.<\/p>\n<p data-start=\"3379\" data-end=\"3574\">In particolare, i dati potranno essere comunicati a fornitori di servizi informatici, hosting, posta elettronica, consulenti e professionisti, nonch\u00e9 ad autorit\u00e0 competenti per obblighi di legge.<\/p>\n<p data-start=\"3576\" data-end=\"3605\"><strong data-start=\"3576\" data-end=\"3605\">6. TRASFERIMENTO DEI DATI<\/strong><\/p>\n<p data-start=\"3607\" data-end=\"3697\">I dati personali non saranno trasferiti verso Paesi terzi al di fuori dell\u2019Unione Europea.<\/p>\n<p data-start=\"3699\" data-end=\"3730\"><strong data-start=\"3699\" data-end=\"3730\">7. PERIODO DI CONSERVAZIONE<\/strong><\/p>\n<p data-start=\"3732\" data-end=\"3881\">I dati saranno conservati per il tempo strettamente necessario al raggiungimento delle finalit\u00e0 per cui sono stati raccolti, salvo obblighi di legge.<\/p>\n<p data-start=\"3883\" data-end=\"3913\"><strong data-start=\"3883\" data-end=\"3913\">8. NATURA DEL CONFERIMENTO<\/strong><\/p>\n<p data-start=\"3915\" data-end=\"4148\">Il conferimento dei dati per le finalit\u00e0 di contatto e richiesta di servizi \u00e8 necessario. Il mancato conferimento comporter\u00e0 l\u2019impossibilit\u00e0 di fornire il servizio.<br data-start=\"4079\" data-end=\"4082\" \/>Il conferimento dei dati per finalit\u00e0 di newsletter \u00e8 facoltativo.<\/p>\n<p data-start=\"4150\" data-end=\"4181\"><strong data-start=\"4150\" data-end=\"4181\">9. DIRITTI DELL\u2019INTERESSATO<\/strong><\/p>\n<p data-start=\"4183\" data-end=\"4395\">L\u2019interessato pu\u00f2 esercitare in qualsiasi momento i diritti previsti dagli artt. 15 e ss. del GDPR, tra cui accesso, rettifica, cancellazione, limitazione, opposizione, portabilit\u00e0 dei dati e revoca del consenso.<\/p>\n<p data-start=\"4397\" data-end=\"4474\">\u00c8 possibile proporre reclamo al Garante per la protezione dei dati personali.<\/p>\n<p data-start=\"4476\" data-end=\"4546\">Le richieste possono essere inviate a:<br data-start=\"4514\" data-end=\"4517\" \/>Email: <a data-start=\"4524\" data-end=\"4544\" class=\"decorated-link cursor-pointer\" rel=\"noopener\">info@irinagaraeva.it<span aria-hidden=\"true\" class=\"ms-0.5 inline-block align-middle leading-none\"><svg xmlns=\"http:\/\/www.w3.org\/2000\/svg\" width=\"20\" height=\"20\" aria-hidden=\"true\" data-rtl-flip=\"\" class=\"block h-[0.75em] w-[0.75em] stroke-current stroke-[0.75]\"><use href=\"\/cdn\/assets\/sprites-core-j9921kii.svg#304883\" fill=\"currentColor\"><\/use><\/svg><\/span><\/a><\/p>\n<p data-start=\"4548\" data-end=\"4587\">Data di aggiornamento: 09\/02\/2025<\/p>\n<p>[\/et_pb_text][\/et_pb_column][\/et_pb_row][\/et_pb_section]<\/p>\n","protected":false},"excerpt":{"rendered":"<p>PRIVACY POLICY Informativa ai sensi dell\u2019art. 13 Reg. UE 2016\/679 \u2013 GDPRInformativa per il trattamento di dati personali raccolti presso l\u2019interessato Nel rispetto di quanto previsto dal Regolamento UE 2016\/679 (Regolamento Europeo per la protezione dei dati personali \u2013 di seguito \u201cGDPR\u201d), Le forniamo le dovute informazioni in ordine al trattamento dei dati personali forniti [&hellip;]<\/p>\n","protected":false},"author":1,"featured_media":0,"parent":0,"menu_order":0,"comment_status":"closed","ping_status":"closed","template":"","meta":{"_et_pb_use_builder":"on","_et_pb_old_content":"<!-- wp:heading -->\r\n<h2>Who we are<\/h2>\r\n<!-- \/wp:heading -->\r\n\r\n<!-- wp:paragraph -->\r\n<p><strong class=\"privacy-policy-tutorial\">Suggested text: <\/strong>Our website address is: https:\/\/www.irinagaraeva.it.<\/p>\r\n<!-- \/wp:paragraph -->\r\n\r\n<!-- wp:heading -->\r\n<h2>Comments<\/h2>\r\n<!-- \/wp:heading -->\r\n\r\n<!-- wp:paragraph -->\r\n<p><strong class=\"privacy-policy-tutorial\">Suggested text: <\/strong>When visitors leave comments on the site we collect the data shown in the comments form, and also the visitor\u2019s IP address and browser user agent string to help spam detection.<\/p>\r\n<!-- \/wp:paragraph -->\r\n\r\n<!-- wp:paragraph -->\r\n<p>An anonymized string created from your email address (also called a hash) may be provided to the Gravatar service to see if you are using it. The Gravatar service privacy policy is available here: https:\/\/automattic.com\/privacy\/. After approval of your comment, your profile picture is visible to the public in the context of your comment.<\/p>\r\n<!-- \/wp:paragraph -->\r\n\r\n<!-- wp:heading -->\r\n<h2>Media<\/h2>\r\n<!-- \/wp:heading -->\r\n\r\n<!-- wp:paragraph -->\r\n<p><strong class=\"privacy-policy-tutorial\">Suggested text: <\/strong>If you upload images to the website, you should avoid uploading images with embedded location data (EXIF GPS) included. Visitors to the website can download and extract any location data from images on the website.<\/p>\r\n<!-- \/wp:paragraph -->\r\n\r\n<!-- wp:heading -->\r\n<h2>Cookies<\/h2>\r\n<!-- \/wp:heading -->\r\n\r\n<!-- wp:paragraph -->\r\n<p><strong class=\"privacy-policy-tutorial\">Suggested text: <\/strong>If you leave a comment on our site you may opt-in to saving your name, email address and website in cookies. These are for your convenience so that you do not have to fill in your details again when you leave another comment. These cookies will last for one year.<\/p>\r\n<!-- \/wp:paragraph -->\r\n\r\n<!-- wp:paragraph -->\r\n<p>If you visit our login page, we will set a temporary cookie to determine if your browser accepts cookies. This cookie contains no personal data and is discarded when you close your browser.<\/p>\r\n<!-- \/wp:paragraph -->\r\n\r\n<!-- wp:paragraph -->\r\n<p>When you log in, we will also set up several cookies to save your login information and your screen display choices. Login cookies last for two days, and screen options cookies last for a year. If you select \"Remember Me\", your login will persist for two weeks. If you log out of your account, the login cookies will be removed.<\/p>\r\n<!-- \/wp:paragraph -->\r\n\r\n<!-- wp:paragraph -->\r\n<p>If you edit or publish an article, an additional cookie will be saved in your browser. This cookie includes no personal data and simply indicates the post ID of the article you just edited. It expires after 1 day.<\/p>\r\n<!-- \/wp:paragraph -->\r\n\r\n<!-- wp:heading -->\r\n<h2>Embedded content from other websites<\/h2>\r\n<!-- \/wp:heading -->\r\n\r\n<!-- wp:paragraph -->\r\n<p><strong class=\"privacy-policy-tutorial\">Suggested text: <\/strong>Articles on this site may include embedded content (e.g. videos, images, articles, etc.). Embedded content from other websites behaves in the exact same way as if the visitor has visited the other website.<\/p>\r\n<!-- \/wp:paragraph -->\r\n\r\n<!-- wp:paragraph -->\r\n<p>These websites may collect data about you, use cookies, embed additional third-party tracking, and monitor your interaction with that embedded content, including tracking your interaction with the embedded content if you have an account and are logged in to that website.<\/p>\r\n<!-- \/wp:paragraph -->\r\n\r\n<!-- wp:heading -->\r\n<h2>Who we share your data with<\/h2>\r\n<!-- \/wp:heading -->\r\n\r\n<!-- wp:paragraph -->\r\n<p><strong class=\"privacy-policy-tutorial\">Suggested text: <\/strong>If you request a password reset, your IP address will be included in the reset email.<\/p>\r\n<!-- \/wp:paragraph -->\r\n\r\n<!-- wp:heading -->\r\n<h2>How long we retain your data<\/h2>\r\n<!-- \/wp:heading -->\r\n\r\n<!-- wp:paragraph -->\r\n<p><strong class=\"privacy-policy-tutorial\">Suggested text: <\/strong>If you leave a comment, the comment and its metadata are retained indefinitely. This is so we can recognize and approve any follow-up comments automatically instead of holding them in a moderation queue.<\/p>\r\n<!-- \/wp:paragraph -->\r\n\r\n<!-- wp:paragraph -->\r\n<p>For users that register on our website (if any), we also store the personal information they provide in their user profile. All users can see, edit, or delete their personal information at any time (except they cannot change their username). Website administrators can also see and edit that information.<\/p>\r\n<!-- \/wp:paragraph -->\r\n\r\n<!-- wp:heading -->\r\n<h2>What rights you have over your data<\/h2>\r\n<!-- \/wp:heading -->\r\n\r\n<!-- wp:paragraph -->\r\n<p><strong class=\"privacy-policy-tutorial\">Suggested text: <\/strong>If you have an account on this site, or have left comments, you can request to receive an exported file of the personal data we hold about you, including any data you have provided to us. You can also request that we erase any personal data we hold about you. This does not include any data we are obliged to keep for administrative, legal, or security purposes.<\/p>\r\n<!-- \/wp:paragraph -->\r\n\r\n<!-- wp:heading -->\r\n<h2>Where your data is sent<\/h2>\r\n<!-- \/wp:heading -->\r\n\r\n<!-- wp:paragraph -->\r\n<p><strong class=\"privacy-policy-tutorial\">Suggested text: <\/strong>Visitor comments may be checked through an automated spam detection service.<\/p>\r\n<!-- \/wp:paragraph -->","_et_gb_content_width":"","footnotes":""},"class_list":["post-3","page","type-page","status-publish","hentry"],"yoast_head":"<!-- This site is optimized with the Yoast SEO plugin v27.2 - https:\/\/yoast.com\/product\/yoast-seo-wordpress\/ -->\n<title>Privacy Policy - Studio Dentistico Garaeva<\/title>\n<meta name=\"robots\" content=\"noindex, nofollow\" \/>\n<meta property=\"og:locale\" content=\"ru_RU\" \/>\n<meta property=\"og:type\" content=\"article\" \/>\n<meta property=\"og:title\" content=\"Privacy Policy - Studio Dentistico Garaeva\" \/>\n<meta property=\"og:description\" content=\"PRIVACY POLICY Informativa ai sensi dell\u2019art. 13 Reg. UE 2016\/679 \u2013 GDPRInformativa per il trattamento di dati personali raccolti presso l\u2019interessato Nel rispetto di quanto previsto dal Regolamento UE 2016\/679 (Regolamento Europeo per la protezione dei dati personali \u2013 di seguito \u201cGDPR\u201d), Le forniamo le dovute informazioni in ordine al trattamento dei dati personali forniti [&hellip;]\" \/>\n<meta property=\"og:url\" content=\"https:\/\/www.irinagaraeva.it\/ru\/\u043f\u043e\u043b\u0438\u0442\u0438\u043a\u0430-\u043a\u043e\u043d\u0444\u0438\u0434\u0435\u043d\u0446\u0438\u0430\u043b\u044c\u043d\u043e\u0441\u0442\u0438\/\" \/>\n<meta property=\"og:site_name\" content=\"Studio Dentistico Garaeva\" \/>\n<meta property=\"article:modified_time\" content=\"2026-02-09T13:50:49+00:00\" \/>\n<meta name=\"twitter:card\" content=\"summary_large_image\" \/>\n<meta name=\"twitter:label1\" content=\"\u041f\u0440\u0438\u043c\u0435\u0440\u043d\u043e\u0435 \u0432\u0440\u0435\u043c\u044f \u0434\u043b\u044f \u0447\u0442\u0435\u043d\u0438\u044f\" \/>\n\t<meta name=\"twitter:data1\" content=\"4 \u043c\u0438\u043d\u0443\u0442\u044b\" \/>\n<script type=\"application\/ld+json\" class=\"yoast-schema-graph\">{\"@context\":\"https:\/\/schema.org\",\"@graph\":[{\"@type\":\"WebPage\",\"@id\":\"https:\/\/www.irinagaraeva.it\/ru\/%d0%bf%d0%be%d0%bb%d0%b8%d1%82%d0%b8%d0%ba%d0%b0-%d0%ba%d0%be%d0%bd%d1%84%d0%b8%d0%b4%d0%b5%d0%bd%d1%86%d0%b8%d0%b0%d0%bb%d1%8c%d0%bd%d0%be%d1%81%d1%82%d0%b8\/\",\"url\":\"https:\/\/www.irinagaraeva.it\/ru\/%d0%bf%d0%be%d0%bb%d0%b8%d1%82%d0%b8%d0%ba%d0%b0-%d0%ba%d0%be%d0%bd%d1%84%d0%b8%d0%b4%d0%b5%d0%bd%d1%86%d0%b8%d0%b0%d0%bb%d1%8c%d0%bd%d0%be%d1%81%d1%82%d0%b8\/\",\"name\":\"Privacy Policy - Studio Dentistico Garaeva\",\"isPartOf\":{\"@id\":\"https:\/\/www.irinagaraeva.it\/en\/#website\"},\"datePublished\":\"2023-12-07T10:25:14+00:00\",\"dateModified\":\"2026-02-09T13:50:49+00:00\",\"breadcrumb\":{\"@id\":\"https:\/\/www.irinagaraeva.it\/ru\/%d0%bf%d0%be%d0%bb%d0%b8%d1%82%d0%b8%d0%ba%d0%b0-%d0%ba%d0%be%d0%bd%d1%84%d0%b8%d0%b4%d0%b5%d0%bd%d1%86%d0%b8%d0%b0%d0%bb%d1%8c%d0%bd%d0%be%d1%81%d1%82%d0%b8\/#breadcrumb\"},\"inLanguage\":\"ru-RU\",\"potentialAction\":[{\"@type\":\"ReadAction\",\"target\":[\"https:\/\/www.irinagaraeva.it\/ru\/%d0%bf%d0%be%d0%bb%d0%b8%d1%82%d0%b8%d0%ba%d0%b0-%d0%ba%d0%be%d0%bd%d1%84%d0%b8%d0%b4%d0%b5%d0%bd%d1%86%d0%b8%d0%b0%d0%bb%d1%8c%d0%bd%d0%be%d1%81%d1%82%d0%b8\/\"]}]},{\"@type\":\"BreadcrumbList\",\"@id\":\"https:\/\/www.irinagaraeva.it\/ru\/%d0%bf%d0%be%d0%bb%d0%b8%d1%82%d0%b8%d0%ba%d0%b0-%d0%ba%d0%be%d0%bd%d1%84%d0%b8%d0%b4%d0%b5%d0%bd%d1%86%d0%b8%d0%b0%d0%bb%d1%8c%d0%bd%d0%be%d1%81%d1%82%d0%b8\/#breadcrumb\",\"itemListElement\":[{\"@type\":\"ListItem\",\"position\":1,\"name\":\"Home\",\"item\":\"https:\/\/www.irinagaraeva.it\/\"},{\"@type\":\"ListItem\",\"position\":2,\"name\":\"Privacy Policy\"}]},{\"@type\":\"WebSite\",\"@id\":\"https:\/\/www.irinagaraeva.it\/en\/#website\",\"url\":\"https:\/\/www.irinagaraeva.it\/en\/\",\"name\":\"Studio Dentistico Garaeva\",\"description\":\"Studio dentistico a Brescia\",\"potentialAction\":[{\"@type\":\"SearchAction\",\"target\":{\"@type\":\"EntryPoint\",\"urlTemplate\":\"https:\/\/www.irinagaraeva.it\/en\/?s={search_term_string}\"},\"query-input\":{\"@type\":\"PropertyValueSpecification\",\"valueRequired\":true,\"valueName\":\"search_term_string\"}}],\"inLanguage\":\"ru-RU\"}]}<\/script>\n<!-- \/ Yoast SEO plugin. -->","yoast_head_json":{"title":"\u041f\u043e\u043b\u0438\u0442\u0438\u043a\u0430 \u043a\u043e\u043d\u0444\u0438\u0434\u0435\u043d\u0446\u0438\u0430\u043b\u044c\u043d\u043e\u0441\u0442\u0438 - \u0421\u0442\u0443\u0434\u0438\u044f \u0441\u0442\u043e\u043c\u0430\u0442\u043e\u043b\u043e\u0433\u0438\u0438 \u0413\u0430\u0440\u0430\u0435\u0432\u0430","robots":{"index":"noindex","follow":"nofollow"},"og_locale":"ru_RU","og_type":"article","og_title":"Privacy Policy - Studio Dentistico Garaeva","og_description":"PRIVACY POLICY Informativa ai sensi dell\u2019art. 13 Reg. UE 2016\/679 \u2013 GDPRInformativa per il trattamento di dati personali raccolti presso l\u2019interessato Nel rispetto di quanto previsto dal Regolamento UE 2016\/679 (Regolamento Europeo per la protezione dei dati personali \u2013 di seguito \u201cGDPR\u201d), Le forniamo le dovute informazioni in ordine al trattamento dei dati personali forniti [&hellip;]","og_url":"https:\/\/www.irinagaraeva.it\/ru\/\u043f\u043e\u043b\u0438\u0442\u0438\u043a\u0430-\u043a\u043e\u043d\u0444\u0438\u0434\u0435\u043d\u0446\u0438\u0430\u043b\u044c\u043d\u043e\u0441\u0442\u0438\/","og_site_name":"Studio Dentistico Garaeva","article_modified_time":"2026-02-09T13:50:49+00:00","twitter_card":"summary_large_image","twitter_misc":{"\u041f\u0440\u0438\u043c\u0435\u0440\u043d\u043e\u0435 \u0432\u0440\u0435\u043c\u044f \u0434\u043b\u044f \u0447\u0442\u0435\u043d\u0438\u044f":"4 \u043c\u0438\u043d\u0443\u0442\u044b"},"schema":{"@context":"https:\/\/schema.org","@graph":[{"@type":"WebPage","@id":"https:\/\/www.irinagaraeva.it\/ru\/%d0%bf%d0%be%d0%bb%d0%b8%d1%82%d0%b8%d0%ba%d0%b0-%d0%ba%d0%be%d0%bd%d1%84%d0%b8%d0%b4%d0%b5%d0%bd%d1%86%d0%b8%d0%b0%d0%bb%d1%8c%d0%bd%d0%be%d1%81%d1%82%d0%b8\/","url":"https:\/\/www.irinagaraeva.it\/ru\/%d0%bf%d0%be%d0%bb%d0%b8%d1%82%d0%b8%d0%ba%d0%b0-%d0%ba%d0%be%d0%bd%d1%84%d0%b8%d0%b4%d0%b5%d0%bd%d1%86%d0%b8%d0%b0%d0%bb%d1%8c%d0%bd%d0%be%d1%81%d1%82%d0%b8\/","name":"\u041f\u043e\u043b\u0438\u0442\u0438\u043a\u0430 \u043a\u043e\u043d\u0444\u0438\u0434\u0435\u043d\u0446\u0438\u0430\u043b\u044c\u043d\u043e\u0441\u0442\u0438 - \u0421\u0442\u0443\u0434\u0438\u044f \u0441\u0442\u043e\u043c\u0430\u0442\u043e\u043b\u043e\u0433\u0438\u0438 \u0413\u0430\u0440\u0430\u0435\u0432\u0430","isPartOf":{"@id":"https:\/\/www.irinagaraeva.it\/en\/#website"},"datePublished":"2023-12-07T10:25:14+00:00","dateModified":"2026-02-09T13:50:49+00:00","breadcrumb":{"@id":"https:\/\/www.irinagaraeva.it\/ru\/%d0%bf%d0%be%d0%bb%d0%b8%d1%82%d0%b8%d0%ba%d0%b0-%d0%ba%d0%be%d0%bd%d1%84%d0%b8%d0%b4%d0%b5%d0%bd%d1%86%d0%b8%d0%b0%d0%bb%d1%8c%d0%bd%d0%be%d1%81%d1%82%d0%b8\/#breadcrumb"},"inLanguage":"ru-RU","potentialAction":[{"@type":"ReadAction","target":["https:\/\/www.irinagaraeva.it\/ru\/%d0%bf%d0%be%d0%bb%d0%b8%d1%82%d0%b8%d0%ba%d0%b0-%d0%ba%d0%be%d0%bd%d1%84%d0%b8%d0%b4%d0%b5%d0%bd%d1%86%d0%b8%d0%b0%d0%bb%d1%8c%d0%bd%d0%be%d1%81%d1%82%d0%b8\/"]}]},{"@type":"BreadcrumbList","@id":"https:\/\/www.irinagaraeva.it\/ru\/%d0%bf%d0%be%d0%bb%d0%b8%d1%82%d0%b8%d0%ba%d0%b0-%d0%ba%d0%be%d0%bd%d1%84%d0%b8%d0%b4%d0%b5%d0%bd%d1%86%d0%b8%d0%b0%d0%bb%d1%8c%d0%bd%d0%be%d1%81%d1%82%d0%b8\/#breadcrumb","itemListElement":[{"@type":"ListItem","position":1,"name":"Home","item":"https:\/\/www.irinagaraeva.it\/"},{"@type":"ListItem","position":2,"name":"Privacy Policy"}]},{"@type":"WebSite","@id":"https:\/\/www.irinagaraeva.it\/en\/#website","url":"https:\/\/www.irinagaraeva.it\/en\/","name":"\u0421\u0442\u043e\u043c\u0430\u0442\u043e\u043b\u043e\u0433\u0438\u0447\u0435\u0441\u043a\u0430\u044f \u043f\u0440\u0430\u043a\u0442\u0438\u043a\u0430 \u0413\u0430\u0440\u0430\u0435\u0432\u0430","description":"\u0421\u0442\u043e\u043c\u0430\u0442\u043e\u043b\u043e\u0433\u0438\u0447\u0435\u0441\u043a\u0430\u044f \u043f\u0440\u0430\u043a\u0442\u0438\u043a\u0430 \u0432 \u0411\u0440\u0435\u0448\u0438\u0438","potentialAction":[{"@type":"SearchAction","target":{"@type":"EntryPoint","urlTemplate":"https:\/\/www.irinagaraeva.it\/en\/?s={search_term_string}"},"query-input":{"@type":"PropertyValueSpecification","valueRequired":true,"valueName":"search_term_string"}}],"inLanguage":"ru-RU"}]}},"_links":{"self":[{"href":"https:\/\/www.irinagaraeva.it\/ru\/wp-json\/wp\/v2\/pages\/3","targetHints":{"allow":["GET"]}}],"collection":[{"href":"https:\/\/www.irinagaraeva.it\/ru\/wp-json\/wp\/v2\/pages"}],"about":[{"href":"https:\/\/www.irinagaraeva.it\/ru\/wp-json\/wp\/v2\/types\/page"}],"author":[{"embeddable":true,"href":"https:\/\/www.irinagaraeva.it\/ru\/wp-json\/wp\/v2\/users\/1"}],"replies":[{"embeddable":true,"href":"https:\/\/www.irinagaraeva.it\/ru\/wp-json\/wp\/v2\/comments?post=3"}],"version-history":[{"count":0,"href":"https:\/\/www.irinagaraeva.it\/ru\/wp-json\/wp\/v2\/pages\/3\/revisions"}],"wp:attachment":[{"href":"https:\/\/www.irinagaraeva.it\/ru\/wp-json\/wp\/v2\/media?parent=3"}],"curies":[{"name":"wp","href":"https:\/\/api.w.org\/{rel}","templated":true}]}}